{"id":1580,"date":"2024-10-16T09:34:09","date_gmt":"2024-10-16T12:34:09","guid":{"rendered":"https:\/\/noupwind.com\/sobre-nos\/"},"modified":"2025-02-22T08:36:38","modified_gmt":"2025-02-22T11:36:38","slug":"agencia-de-kitesurf","status":"publish","type":"page","link":"https:\/\/noupwind.com\/pt-br\/agencia-de-kitesurf\/","title":{"rendered":"Sobre n\u00f3s"},"content":{"rendered":"\t\t<div data-elementor-type=\"wp-page\" data-elementor-id=\"1580\" class=\"elementor elementor-1580 elementor-47\" data-elementor-post-type=\"page\">\n\t\t\t\t<div class=\"elementor-element elementor-element-082ffef e-flex e-con-boxed e-con e-parent\" data-id=\"082ffef\" data-element_type=\"container\" data-e-type=\"container\" data-settings=\"{&quot;background_background&quot;:&quot;classic&quot;}\">\n\t\t\t\t\t<div class=\"e-con-inner\">\n\t\t\t\t<div class=\"elementor-element elementor-element-5192179 elementor-widget__width-inherit elementor-widget elementor-widget-heading\" data-id=\"5192179\" data-element_type=\"widget\" data-e-type=\"widget\" data-widget_type=\"heading.default\">\n\t\t\t\t<div class=\"elementor-widget-container\">\n\t\t\t\t\t<h1 class=\"elementor-heading-title elementor-size-default\">Ag\u00eancia de Viagens Especializada em Excurs\u00f5es de Kitesurf\/Wingfoil<\/h1>\t\t\t\t<\/div>\n\t\t\t\t<\/div>\n\t\t\t\t<div class=\"elementor-element elementor-element-f81eeaf elementor-widget__width-inherit elementor-widget elementor-widget-heading\" data-id=\"f81eeaf\" data-element_type=\"widget\" data-e-type=\"widget\" data-widget_type=\"heading.default\">\n\t\t\t\t<div class=\"elementor-widget-container\">\n\t\t\t\t\t<h2 class=\"elementor-heading-title elementor-size-default\">NO UPWIND KITE TRIP<\/h2>\t\t\t\t<\/div>\n\t\t\t\t<\/div>\n\t\t\t\t\t<\/div>\n\t\t\t\t<\/div>\n\t\t<div class=\"elementor-element elementor-element-ea8722d e-flex e-con-boxed e-con e-parent\" data-id=\"ea8722d\" data-element_type=\"container\" data-e-type=\"container\" data-settings=\"{&quot;background_background&quot;:&quot;classic&quot;}\">\n\t\t\t\t\t<div class=\"e-con-inner\">\n\t\t<div class=\"elementor-element elementor-element-ae0c937 e-con-full e-flex e-con e-child\" data-id=\"ae0c937\" data-element_type=\"container\" data-e-type=\"container\">\n\t\t\t\t<div class=\"elementor-element elementor-element-72a35a6 elementor-widget__width-inherit elementor-invisible elementor-widget elementor-widget-heading\" data-id=\"72a35a6\" data-element_type=\"widget\" data-e-type=\"widget\" data-settings=\"{&quot;_animation&quot;:&quot;fadeInUp&quot;}\" data-widget_type=\"heading.default\">\n\t\t\t\t<div class=\"elementor-widget-container\">\n\t\t\t\t\t<h2 class=\"elementor-heading-title elementor-size-default\">Paix\u00e3o, liberdade, aventura<\/h2>\t\t\t\t<\/div>\n\t\t\t\t<\/div>\n\t\t\t\t<div class=\"elementor-element elementor-element-d1a8186 elementor-widget__width-initial elementor-widget elementor-widget-text-editor\" data-id=\"d1a8186\" data-element_type=\"widget\" data-e-type=\"widget\" data-widget_type=\"text-editor.default\">\n\t\t\t\t<div class=\"elementor-widget-container\">\n\t\t\t\t\t\t\t\t\t<p>Sou Thibaud Ginoux, fundador da <strong>NO UPWIND KITE TRIP<\/strong>, e sou apaixonado por kitesurf desde 2008.<\/p>\n<p>Viajante de cora\u00e7\u00e3o, sempre fui cativado pela sensa\u00e7\u00e3o de <strong>liberdade<\/strong> que o <strong>kitesurf<\/strong> proporciona e pelos lugares incr\u00edveis que ele permite explorar.<\/p>\n<p>Com muitos anos de experi\u00eancia no kitesurf e tendo viajado extensivamente pelos melhores spots do Brasil, decidi criar esta ag\u00eancia para compartilhar minha paix\u00e3o e ajudar outros entusiastas a viverem aventuras \u00fanicas. Fluente em v\u00e1rias l\u00ednguas\u2014<strong>franc\u00eas<\/strong>, <strong>ingl\u00eas<\/strong>, <strong>portugu\u00eas<\/strong> e <strong>espanhol<\/strong>\u2014, garanto uma comunica\u00e7\u00e3o fluida com meus clientes internacionais e asseguro que cada viajante se sinta confort\u00e1vel desde sua chegada.<\/p>\n<p>Cada viagem de kitesurf que organizo \u00e9 projetada para oferecer uma <strong>experi\u00eancia inesquec\u00edvel<\/strong>, combinando condi\u00e7\u00f5es de vento perfeitas, paisagens de tirar o f\u00f4lego e uma recep\u00e7\u00e3o calorosa em destinos cuidadosamente selecionados. Meu objetivo \u00e9 simples: garantir que cada viagem seja uma <strong>aventura sob medida<\/strong>, adequada a todos os n\u00edveis de habilidade, permitindo que cada participante se aprimore enquanto desfruta plenamente da beleza natural e da cultura local.<\/p>\n<p>Se voc\u00ea \u00e9 um kitesurfista intermedi\u00e1rio ou avan\u00e7ado, um iniciante que est\u00e1 come\u00e7ando, ou mesmo um wingfoiler ou kitefoiler, estou aqui para gui\u00e1-lo nessa aventura. Tenho o compromisso de proporcionar uma experi\u00eancia<strong> aut\u00eantica e enriquecedora<\/strong>, adaptada \u00e0s suas expectativas e ao seu progresso.<\/p>\n<p class=\"p1\">Independentemente do seu esporte aqu\u00e1tico preferido \u2014 seja kitesurf, wingfoil ou at\u00e9 mesmo outras atividades empolgantes \u2014 n\u00f3s dispomos da excurs\u00e3o perfeita para V.Sa. no Brasil e na Am\u00e9rica do Sul!<\/p>\n\t\t\t\t\t\t\t\t<\/div>\n\t\t\t\t<\/div>\n\t\t\t\t<div class=\"elementor-element elementor-element-431c70f elementor-widget__width-inherit elementor-widget-tablet__width-initial elementor-widget-mobile__width-inherit elementor-align-left elementor-widget elementor-widget-button\" data-id=\"431c70f\" data-element_type=\"widget\" data-e-type=\"widget\" data-widget_type=\"button.default\">\n\t\t\t\t<div class=\"elementor-widget-container\">\n\t\t\t\t\t\t\t\t\t<div class=\"elementor-button-wrapper\">\n\t\t\t\t\t<a class=\"elementor-button elementor-button-link elementor-size-sm elementor-animation-grow\" href=\"https:\/\/noupwind.com\/pt-br\/crie-sua-kitetrip\/\">\n\t\t\t\t\t\t<span class=\"elementor-button-content-wrapper\">\n\t\t\t\t\t\t\t\t\t<span class=\"elementor-button-text\">Crie sua kitetrip<\/span>\n\t\t\t\t\t<\/span>\n\t\t\t\t\t<\/a>\n\t\t\t\t<\/div>\n\t\t\t\t\t\t\t\t<\/div>\n\t\t\t\t<\/div>\n\t\t\t\t<\/div>\n\t\t<div class=\"elementor-element elementor-element-42db3c5 e-con-full e-flex e-con e-child\" data-id=\"42db3c5\" data-element_type=\"container\" data-e-type=\"container\">\n\t\t\t\t<div class=\"elementor-element elementor-element-a357951 elementor-widget-mobile__width-inherit elementor-widget__width-initial elementor-widget-tablet__width-inherit elementor-widget elementor-widget-image\" data-id=\"a357951\" data-element_type=\"widget\" data-e-type=\"widget\" data-widget_type=\"image.default\">\n\t\t\t\t<div class=\"elementor-widget-container\">\n\t\t\t\t\t\t\t\t\t\t\t\t\t\t\t<img fetchpriority=\"high\" decoding=\"async\" width=\"743\" height=\"1024\" src=\"https:\/\/noupwind.com\/wp-content\/uploads\/2024\/11\/thibaud-no-upwind-743x1024.jpg\" class=\"attachment-large size-large wp-image-2213\" alt=\"\" srcset=\"https:\/\/noupwind.com\/wp-content\/uploads\/2024\/11\/thibaud-no-upwind-743x1024.jpg 743w, https:\/\/noupwind.com\/wp-content\/uploads\/2024\/11\/thibaud-no-upwind-218x300.jpg 218w, https:\/\/noupwind.com\/wp-content\/uploads\/2024\/11\/thibaud-no-upwind-768x1058.jpg 768w, https:\/\/noupwind.com\/wp-content\/uploads\/2024\/11\/thibaud-no-upwind.jpg 1016w\" sizes=\"(max-width: 743px) 100vw, 743px\" \/>\t\t\t\t\t\t\t\t\t\t\t\t\t\t\t<\/div>\n\t\t\t\t<\/div>\n\t\t\t\t<div class=\"elementor-element elementor-element-0d681cc elementor-widget-mobile__width-inherit elementor-widget__width-initial elementor-widget-tablet__width-inherit elementor-widget elementor-widget-image\" data-id=\"0d681cc\" data-element_type=\"widget\" data-e-type=\"widget\" data-widget_type=\"image.default\">\n\t\t\t\t<div class=\"elementor-widget-container\">\n\t\t\t\t\t\t\t\t\t\t\t\t\t\t\t<img decoding=\"async\" width=\"800\" height=\"360\" src=\"https:\/\/noupwind.com\/wp-content\/uploads\/2024\/11\/team-no-upwind-2-1024x461.jpg\" class=\"attachment-large size-large wp-image-2222\" alt=\"\" srcset=\"https:\/\/noupwind.com\/wp-content\/uploads\/2024\/11\/team-no-upwind-2-1024x461.jpg 1024w, https:\/\/noupwind.com\/wp-content\/uploads\/2024\/11\/team-no-upwind-2-300x135.jpg 300w, https:\/\/noupwind.com\/wp-content\/uploads\/2024\/11\/team-no-upwind-2-768x346.jpg 768w, https:\/\/noupwind.com\/wp-content\/uploads\/2024\/11\/team-no-upwind-2-1536x691.jpg 1536w, https:\/\/noupwind.com\/wp-content\/uploads\/2024\/11\/team-no-upwind-2.jpg 2000w\" sizes=\"(max-width: 800px) 100vw, 800px\" \/>\t\t\t\t\t\t\t\t\t\t\t\t\t\t\t<\/div>\n\t\t\t\t<\/div>\n\t\t\t\t<\/div>\n\t\t\t\t\t<\/div>\n\t\t\t\t<\/div>\n\t\t\t\t<\/div>\n\t\t","protected":false},"excerpt":{"rendered":"<p>Ag\u00eancia de Viagens Especializada em Excurs\u00f5es de Kitesurf\/Wingfoil NO UPWIND KITE TRIP Paix\u00e3o, liberdade, aventura Sou Thibaud Ginoux, fundador da NO UPWIND KITE TRIP, e sou apaixonado por kitesurf desde 2008. Viajante de cora\u00e7\u00e3o, sempre fui cativado pela sensa\u00e7\u00e3o de liberdade que o kitesurf proporciona e pelos lugares incr\u00edveis que ele permite explorar. Com muitos [&hellip;]<\/p>\n","protected":false},"author":1,"featured_media":0,"parent":0,"menu_order":4,"comment_status":"closed","ping_status":"closed","template":"elementor_header_footer","meta":{"_seopress_robots_primary_cat":"","_seopress_titles_title":"NOUPWIND Kite TRIP - ag\u00eancia de viagens especializada em kiteboarding e wingfoiling","_seopress_titles_desc":"No Upwind \u00e9 uma ag\u00eancia de viagens especializada em viagens de kiteboarding e wingfoiling no Brasil.\nDeixe que especialistas apaixonados o guiem para os melhores locais e a cultura local. ","_seopress_robots_index":"","footnotes":""},"class_list":["post-1580","page","type-page","status-publish","hentry"],"_links":{"self":[{"href":"https:\/\/noupwind.com\/pt-br\/wp-json\/wp\/v2\/pages\/1580","targetHints":{"allow":["GET"]}}],"collection":[{"href":"https:\/\/noupwind.com\/pt-br\/wp-json\/wp\/v2\/pages"}],"about":[{"href":"https:\/\/noupwind.com\/pt-br\/wp-json\/wp\/v2\/types\/page"}],"author":[{"embeddable":true,"href":"https:\/\/noupwind.com\/pt-br\/wp-json\/wp\/v2\/users\/1"}],"replies":[{"embeddable":true,"href":"https:\/\/noupwind.com\/pt-br\/wp-json\/wp\/v2\/comments?post=1580"}],"version-history":[{"count":5,"href":"https:\/\/noupwind.com\/pt-br\/wp-json\/wp\/v2\/pages\/1580\/revisions"}],"predecessor-version":[{"id":3168,"href":"https:\/\/noupwind.com\/pt-br\/wp-json\/wp\/v2\/pages\/1580\/revisions\/3168"}],"wp:attachment":[{"href":"https:\/\/noupwind.com\/pt-br\/wp-json\/wp\/v2\/media?parent=1580"}],"curies":[{"name":"wp","href":"https:\/\/api.w.org\/{rel}","templated":true}]}}