{"id":1446,"date":"2024-11-19T09:20:26","date_gmt":"2024-11-19T12:20:26","guid":{"rendered":"https:\/\/noupwind.com\/avisos-legais\/"},"modified":"2024-11-23T13:32:54","modified_gmt":"2024-11-23T16:32:54","slug":"avisos-legais","status":"publish","type":"page","link":"https:\/\/noupwind.com\/pt-br\/avisos-legais\/","title":{"rendered":"Avisos legais"},"content":{"rendered":"\n<p><strong>Propriet\u00e1rio do Website<\/strong><\/p>\n\n<p>NO UPWIND VIAGEM DE KITE<\/p>\n\n<p>Prea, Brasil<\/p>\n\n<p>Email: <a href=\"mailto:noupwind@gmail.com\">noupwind@gmail.com<\/a><\/p>\n\n<p><strong>Provedor de Hospedagem<\/strong><\/p>\n\n<p>Hostinger International Ltd.<\/p>\n\n<p>61 Lordou Vironos Street,<\/p>\n\n<p>6023 Larnaca, Chipre<\/p>\n\n<p>Website: <a href=\"https:\/\/www.hostinger.com\">https:\/\/www.hostinger.com<\/a><\/p>\n\n<p><strong>Propriedade Intelectual<\/strong><\/p>\n\n<p>O conte\u00fado, layout, design, marcas registradas e quaisquer outros elementos de propriedade intelectual deste site s\u00e3o de propriedade exclusiva da NO UPWIND KITE TRIP, salvo indica\u00e7\u00e3o em contr\u00e1rio. O uso, reprodu\u00e7\u00e3o ou distribui\u00e7\u00e3o n\u00e3o autorizada de qualquer parte deste website \u00e9 proibido sem consentimento pr\u00e9vio por escrito.<\/p>\n\n<p><strong>Limita\u00e7\u00e3o de Responsabilidade<\/strong><\/p>\n\n<p>A NO UPWIND KITE TRIP se esfor\u00e7a para garantir que as informa\u00e7\u00f5es fornecidas neste site sejam precisas e atualizadas. No entanto, a empresa n\u00e3o pode ser responsabilizada por quaisquer erros, omiss\u00f5es ou pelos resultados obtidos a partir do uso dessas informa\u00e7\u00f5es. O uso deste website \u00e9 por sua conta e risco.<\/p>\n\n<p><strong>Prote\u00e7\u00e3o de Dados Pessoais<\/strong><\/p>\n\n<p>Todos os dados pessoais coletados atrav\u00e9s deste website s\u00e3o tratados de acordo com as leis de prote\u00e7\u00e3o de dados aplic\u00e1veis. Para mais detalhes, por favor consulte nosso [Privacy Policy].<\/p>\n\n<p><strong>Lei Aplic\u00e1vel<\/strong><\/p>\n\n<p>Estas men\u00e7\u00f5es legais s\u00e3o regidas pelas leis do Brasil. Qualquer disputa decorrente do uso deste website estar\u00e1 sujeita \u00e0 jurisdi\u00e7\u00e3o exclusiva dos tribunais no Brasil.<\/p>\n\n<p>Para quaisquer consultas relacionadas a este website, por favor entre em contato conosco em <a href=\"mailto:noupwind@gmail.com\">noupwind@gmail.com<\/a>.<\/p>\n\n<p><\/p>\n","protected":false},"excerpt":{"rendered":"<p>Propriet\u00e1rio do Website NO UPWIND VIAGEM DE KITE Prea, Brasil Email: noupwind@gmail.com Provedor de Hospedagem Hostinger International Ltd. 61 Lordou Vironos Street, 6023 Larnaca, Chipre Website: https:\/\/www.hostinger.com Propriedade Intelectual O conte\u00fado, layout, design, marcas registradas e quaisquer outros elementos de propriedade intelectual deste site s\u00e3o de propriedade exclusiva da NO UPWIND KITE TRIP, salvo indica\u00e7\u00e3o [&hellip;]<\/p>\n","protected":false},"author":2,"featured_media":0,"parent":0,"menu_order":100,"comment_status":"closed","ping_status":"closed","template":"","meta":{"_seopress_robots_primary_cat":"","_seopress_titles_title":"","_seopress_titles_desc":"","_seopress_robots_index":"sim","footnotes":""},"class_list":["post-1446","page","type-page","status-publish","hentry"],"_links":{"self":[{"href":"https:\/\/noupwind.com\/pt-br\/wp-json\/wp\/v2\/pages\/1446","targetHints":{"allow":["GET"]}}],"collection":[{"href":"https:\/\/noupwind.com\/pt-br\/wp-json\/wp\/v2\/pages"}],"about":[{"href":"https:\/\/noupwind.com\/pt-br\/wp-json\/wp\/v2\/types\/page"}],"author":[{"embeddable":true,"href":"https:\/\/noupwind.com\/pt-br\/wp-json\/wp\/v2\/users\/2"}],"replies":[{"embeddable":true,"href":"https:\/\/noupwind.com\/pt-br\/wp-json\/wp\/v2\/comments?post=1446"}],"version-history":[{"count":3,"href":"https:\/\/noupwind.com\/pt-br\/wp-json\/wp\/v2\/pages\/1446\/revisions"}],"predecessor-version":[{"id":2459,"href":"https:\/\/noupwind.com\/pt-br\/wp-json\/wp\/v2\/pages\/1446\/revisions\/2459"}],"wp:attachment":[{"href":"https:\/\/noupwind.com\/pt-br\/wp-json\/wp\/v2\/media?parent=1446"}],"curies":[{"name":"wp","href":"https:\/\/api.w.org\/{rel}","templated":true}]}}