{"id":1584,"date":"2024-10-16T09:34:09","date_gmt":"2024-10-16T12:34:09","guid":{"rendered":"https:\/\/noupwind.com\/a-propos-de-nous\/"},"modified":"2025-02-22T08:36:38","modified_gmt":"2025-02-22T11:36:38","slug":"agence-de-voyage-kitesurf","status":"publish","type":"page","link":"https:\/\/noupwind.com\/fr\/agence-de-voyage-kitesurf\/","title":{"rendered":"\u00c0 propos"},"content":{"rendered":"\t\t<div data-elementor-type=\"wp-page\" data-elementor-id=\"1584\" class=\"elementor elementor-1584 elementor-47\" data-elementor-post-type=\"page\">\n\t\t\t\t<div class=\"elementor-element elementor-element-082ffef e-flex e-con-boxed e-con e-parent\" data-id=\"082ffef\" data-element_type=\"container\" data-e-type=\"container\" data-settings=\"{&quot;background_background&quot;:&quot;classic&quot;}\">\n\t\t\t\t\t<div class=\"e-con-inner\">\n\t\t\t\t<div class=\"elementor-element elementor-element-5192179 elementor-widget__width-inherit elementor-widget elementor-widget-heading\" data-id=\"5192179\" data-element_type=\"widget\" data-e-type=\"widget\" data-widget_type=\"heading.default\">\n\t\t\t\t<div class=\"elementor-widget-container\">\n\t\t\t\t\t<h1 class=\"elementor-heading-title elementor-size-default\">Agence de voyages sp\u00e9cialis\u00e9e dans les s\u00e9jours de kitesurf et de wing<\/h1>\t\t\t\t<\/div>\n\t\t\t\t<\/div>\n\t\t\t\t<div class=\"elementor-element elementor-element-f81eeaf elementor-widget__width-inherit elementor-widget elementor-widget-heading\" data-id=\"f81eeaf\" data-element_type=\"widget\" data-e-type=\"widget\" data-widget_type=\"heading.default\">\n\t\t\t\t<div class=\"elementor-widget-container\">\n\t\t\t\t\t<h2 class=\"elementor-heading-title elementor-size-default\">NO UPWIND KITE TRIP<\/h2>\t\t\t\t<\/div>\n\t\t\t\t<\/div>\n\t\t\t\t\t<\/div>\n\t\t\t\t<\/div>\n\t\t<div class=\"elementor-element elementor-element-ea8722d e-flex e-con-boxed e-con e-parent\" data-id=\"ea8722d\" data-element_type=\"container\" data-e-type=\"container\" data-settings=\"{&quot;background_background&quot;:&quot;classic&quot;}\">\n\t\t\t\t\t<div class=\"e-con-inner\">\n\t\t<div class=\"elementor-element elementor-element-ae0c937 e-con-full e-flex e-con e-child\" data-id=\"ae0c937\" data-element_type=\"container\" data-e-type=\"container\">\n\t\t\t\t<div class=\"elementor-element elementor-element-72a35a6 elementor-widget__width-inherit elementor-invisible elementor-widget elementor-widget-heading\" data-id=\"72a35a6\" data-element_type=\"widget\" data-e-type=\"widget\" data-settings=\"{&quot;_animation&quot;:&quot;fadeInUp&quot;}\" data-widget_type=\"heading.default\">\n\t\t\t\t<div class=\"elementor-widget-container\">\n\t\t\t\t\t<h2 class=\"elementor-heading-title elementor-size-default\">Passion, libert\u00e9, aventure<\/h2>\t\t\t\t<\/div>\n\t\t\t\t<\/div>\n\t\t\t\t<div class=\"elementor-element elementor-element-d1a8186 elementor-widget__width-initial elementor-widget elementor-widget-text-editor\" data-id=\"d1a8186\" data-element_type=\"widget\" data-e-type=\"widget\" data-widget_type=\"text-editor.default\">\n\t\t\t\t<div class=\"elementor-widget-container\">\n\t\t\t\t\t\t\t\t\t<p>Je suis Thibaud Ginoux, le fondateur de <strong>NO UPWIND KITE TRIP<\/strong>, et je suis passionn\u00e9 par le kitesurf depuis 2008.<\/p>\n<p>Voyageuse dans l&rsquo;\u00e2me, j&rsquo;ai toujours \u00e9t\u00e9 captiv\u00e9e par le sentiment de <strong>libert\u00e9<\/strong> <strong>que procure le kitesurf<\/strong> et par les endroits incroyables qu&rsquo;il permet d&rsquo;explorer.<\/p>\n<p>Avec de nombreuses ann\u00e9es d&rsquo;exp\u00e9rience en kitesurf et apr\u00e8s avoir parcouru les meilleurs spots de kitesurf du Br\u00e9sil, j&rsquo;ai d\u00e9cid\u00e9 de cr\u00e9er cette agence pour partager ma passion et aider d&rsquo;autres passionn\u00e9s de kitesurf \u00e0 vivre des aventures uniques. Parlant couramment plusieurs langues\u2014<strong>Fran\u00e7ais<\/strong>, <strong>Anglais<\/strong>, <strong>Portugais<\/strong>, et <strong>Espagnol<\/strong>\u2014je veille \u00e0 une communication fluide avec mes clients internationaux et m&rsquo;assure que chaque voyageur se sente \u00e0 l&rsquo;aise d\u00e8s son arriv\u00e9e.<\/p>\n<p>Chaque voyage de kite que j&rsquo;organise est con\u00e7u pour offrir une <strong>exp\u00e9rience inoubliable<\/strong>, combinant des conditions de vent parfaites, des paysages \u00e0 couper le souffle et un accueil chaleureux dans des destinations soigneusement s\u00e9lectionn\u00e9es. Mon objectif est simple : faire en sorte que chaque voyage soit une <strong>aventure sur mesure<\/strong>, adapt\u00e9e \u00e0 tous les niveaux de comp\u00e9tence, permettant \u00e0 chaque participant de s&rsquo;am\u00e9liorer tout en profitant pleinement de la beaut\u00e9 naturelle et de la culture locale.<\/p>\n<p>Que vous soyez un kitesurfeur interm\u00e9diaire ou avanc\u00e9, un d\u00e9butant, un wingfoiler ou un kitefoiler, je suis l\u00e0 pour vous guider dans cette aventure. Je m&rsquo;engage \u00e0 vous faire <strong>vivre une exp\u00e9rience authentique et enrichissante<\/strong>, adapt\u00e9e \u00e0 vos attentes et \u00e0 votre progression.<\/p>\n<p class=\"p1\">Quelle que soit votre discipline nautique de pr\u00e9dilection &#8211; qu&rsquo;il s&rsquo;agisse du kitesurf, du wingfoil, ou m\u00eame d&rsquo;autres activit\u00e9s captivantes &#8211; nous disposons du voyage id\u00e9al pour vous au Br\u00e9sil et en Am\u00e9rique du Sud !<\/p>\n\t\t\t\t\t\t\t\t<\/div>\n\t\t\t\t<\/div>\n\t\t\t\t<div class=\"elementor-element elementor-element-431c70f elementor-widget__width-inherit elementor-widget-tablet__width-initial elementor-widget-mobile__width-inherit elementor-align-left elementor-widget elementor-widget-button\" data-id=\"431c70f\" data-element_type=\"widget\" data-e-type=\"widget\" data-widget_type=\"button.default\">\n\t\t\t\t<div class=\"elementor-widget-container\">\n\t\t\t\t\t\t\t\t\t<div class=\"elementor-button-wrapper\">\n\t\t\t\t\t<a class=\"elementor-button elementor-button-link elementor-size-sm elementor-animation-grow\" href=\"https:\/\/noupwind.com\/fr\/construisez-votre-kitetrip\/\">\n\t\t\t\t\t\t<span class=\"elementor-button-content-wrapper\">\n\t\t\t\t\t\t\t\t\t<span class=\"elementor-button-text\">Construisez votre kitetrip<\/span>\n\t\t\t\t\t<\/span>\n\t\t\t\t\t<\/a>\n\t\t\t\t<\/div>\n\t\t\t\t\t\t\t\t<\/div>\n\t\t\t\t<\/div>\n\t\t\t\t<\/div>\n\t\t<div class=\"elementor-element elementor-element-42db3c5 e-con-full e-flex e-con e-child\" data-id=\"42db3c5\" data-element_type=\"container\" data-e-type=\"container\">\n\t\t\t\t<div class=\"elementor-element elementor-element-a357951 elementor-widget-mobile__width-inherit elementor-widget__width-initial elementor-widget-tablet__width-inherit elementor-widget elementor-widget-image\" data-id=\"a357951\" data-element_type=\"widget\" data-e-type=\"widget\" data-widget_type=\"image.default\">\n\t\t\t\t<div class=\"elementor-widget-container\">\n\t\t\t\t\t\t\t\t\t\t\t\t\t\t\t<img fetchpriority=\"high\" decoding=\"async\" width=\"743\" height=\"1024\" src=\"https:\/\/noupwind.com\/wp-content\/uploads\/2024\/11\/thibaud-no-upwind-743x1024.jpg\" class=\"attachment-large size-large wp-image-2212\" alt=\"\" srcset=\"https:\/\/noupwind.com\/wp-content\/uploads\/2024\/11\/thibaud-no-upwind-743x1024.jpg 743w, https:\/\/noupwind.com\/wp-content\/uploads\/2024\/11\/thibaud-no-upwind-218x300.jpg 218w, https:\/\/noupwind.com\/wp-content\/uploads\/2024\/11\/thibaud-no-upwind-768x1058.jpg 768w, https:\/\/noupwind.com\/wp-content\/uploads\/2024\/11\/thibaud-no-upwind.jpg 1016w\" sizes=\"(max-width: 743px) 100vw, 743px\" \/>\t\t\t\t\t\t\t\t\t\t\t\t\t\t\t<\/div>\n\t\t\t\t<\/div>\n\t\t\t\t<div class=\"elementor-element elementor-element-0d681cc elementor-widget-mobile__width-inherit elementor-widget__width-initial elementor-widget-tablet__width-inherit elementor-widget elementor-widget-image\" data-id=\"0d681cc\" data-element_type=\"widget\" data-e-type=\"widget\" data-widget_type=\"image.default\">\n\t\t\t\t<div class=\"elementor-widget-container\">\n\t\t\t\t\t\t\t\t\t\t\t\t\t\t\t<img decoding=\"async\" width=\"800\" height=\"360\" src=\"https:\/\/noupwind.com\/wp-content\/uploads\/2024\/11\/team-no-upwind-2-1024x461.jpg\" class=\"attachment-large size-large wp-image-2221\" alt=\"\" srcset=\"https:\/\/noupwind.com\/wp-content\/uploads\/2024\/11\/team-no-upwind-2-1024x461.jpg 1024w, https:\/\/noupwind.com\/wp-content\/uploads\/2024\/11\/team-no-upwind-2-300x135.jpg 300w, https:\/\/noupwind.com\/wp-content\/uploads\/2024\/11\/team-no-upwind-2-768x346.jpg 768w, https:\/\/noupwind.com\/wp-content\/uploads\/2024\/11\/team-no-upwind-2-1536x691.jpg 1536w, https:\/\/noupwind.com\/wp-content\/uploads\/2024\/11\/team-no-upwind-2.jpg 2000w\" sizes=\"(max-width: 800px) 100vw, 800px\" \/>\t\t\t\t\t\t\t\t\t\t\t\t\t\t\t<\/div>\n\t\t\t\t<\/div>\n\t\t\t\t<\/div>\n\t\t\t\t\t<\/div>\n\t\t\t\t<\/div>\n\t\t\t\t<\/div>\n\t\t","protected":false},"excerpt":{"rendered":"<p>Agence de voyages sp\u00e9cialis\u00e9e dans les s\u00e9jours de kitesurf et de wing NO UPWIND KITE TRIP Passion, libert\u00e9, aventure Je suis Thibaud Ginoux, le fondateur de NO UPWIND KITE TRIP, et je suis passionn\u00e9 par le kitesurf depuis 2008. Voyageuse dans l&rsquo;\u00e2me, j&rsquo;ai toujours \u00e9t\u00e9 captiv\u00e9e par le sentiment de libert\u00e9 que procure le kitesurf [&hellip;]<\/p>\n","protected":false},"author":1,"featured_media":0,"parent":0,"menu_order":4,"comment_status":"closed","ping_status":"closed","template":"elementor_header_footer","meta":{"_seopress_robots_primary_cat":"","_seopress_titles_title":"NOUPWIND Kite TRIP - agence de voyage sp\u00e9cialis\u00e9e dans le kiteboarding et le wingfoiling","_seopress_titles_desc":"No Upwind est une agence de voyage sp\u00e9cialis\u00e9e dans les voyages de kiteboarding et de wingfoiling au Br\u00e9sil. Laissez des experts passionn\u00e9s vous guider vers les meilleurs spots et la culture locale. ","_seopress_robots_index":"","footnotes":""},"class_list":["post-1584","page","type-page","status-publish","hentry"],"_links":{"self":[{"href":"https:\/\/noupwind.com\/fr\/wp-json\/wp\/v2\/pages\/1584","targetHints":{"allow":["GET"]}}],"collection":[{"href":"https:\/\/noupwind.com\/fr\/wp-json\/wp\/v2\/pages"}],"about":[{"href":"https:\/\/noupwind.com\/fr\/wp-json\/wp\/v2\/types\/page"}],"author":[{"embeddable":true,"href":"https:\/\/noupwind.com\/fr\/wp-json\/wp\/v2\/users\/1"}],"replies":[{"embeddable":true,"href":"https:\/\/noupwind.com\/fr\/wp-json\/wp\/v2\/comments?post=1584"}],"version-history":[{"count":5,"href":"https:\/\/noupwind.com\/fr\/wp-json\/wp\/v2\/pages\/1584\/revisions"}],"predecessor-version":[{"id":3169,"href":"https:\/\/noupwind.com\/fr\/wp-json\/wp\/v2\/pages\/1584\/revisions\/3169"}],"wp:attachment":[{"href":"https:\/\/noupwind.com\/fr\/wp-json\/wp\/v2\/media?parent=1584"}],"curies":[{"name":"wp","href":"https:\/\/api.w.org\/{rel}","templated":true}]}}