{"id":1452,"date":"2024-11-19T09:20:26","date_gmt":"2024-11-19T12:20:26","guid":{"rendered":"https:\/\/noupwind.com\/avis-juridiques\/"},"modified":"2024-11-23T13:32:54","modified_gmt":"2024-11-23T16:32:54","slug":"avis-juridiques","status":"publish","type":"page","link":"https:\/\/noupwind.com\/fr\/avis-juridiques\/","title":{"rendered":"Avis juridiques"},"content":{"rendered":"\n<p><strong>Propri\u00e9taire du site<\/strong><\/p>\n\n<p>NO UPWIND KITE TRIP<\/p>\n\n<p>Prea, Br\u00e9sil<\/p>\n\n<p>Email: <a href=\"mailto:noupwind@gmail.com\">noupwind@gmail.com<\/a><\/p>\n\n<p><strong>Fournisseur d&rsquo;h\u00e9bergement<\/strong><\/p>\n\n<p>Hostinger International Ltd.<\/p>\n\n<p>61 rue Lordou Vironos,<\/p>\n\n<p>6023 Larnaca, Chypre<\/p>\n\n<p>Site web: <a href=\"https:\/\/www.hostinger.com\">https:\/\/www.hostinger.com<\/a><\/p>\n\n<p><strong>Propri\u00e9t\u00e9 intellectuelle<\/strong><\/p>\n\n<p>Le contenu, la mise en page, le design, les marques et tout autre \u00e9l\u00e9ment de propri\u00e9t\u00e9 intellectuelle de ce site web sont la propri\u00e9t\u00e9 exclusive de NO UPWIND KITE TRIP sauf indication contraire. L&rsquo;utilisation, la reproduction ou la distribution non autoris\u00e9e de toute partie de ce site web est interdite sans consentement \u00e9crit pr\u00e9alable.<\/p>\n\n<p><strong>Limitation de responsabilit\u00e9<\/strong><\/p>\n\n<p>NO UPWIND KITE TRIP s&rsquo;efforce de garantir que les informations fournies sur ce site web sont exactes et \u00e0 jour. Cependant, la soci\u00e9t\u00e9 ne peut \u00eatre tenue responsable des erreurs, omissions ou des r\u00e9sultats obtenus \u00e0 partir de l&rsquo;utilisation de ces informations. L&rsquo;utilisation de ce site web se fait \u00e0 vos propres risques.<\/p>\n\n<p><strong>Protection des donn\u00e9es personnelles<\/strong><\/p>\n\n<p>Toutes les donn\u00e9es personnelles collect\u00e9es via ce site web sont trait\u00e9es conform\u00e9ment aux lois applicables en mati\u00e8re de protection des donn\u00e9es. Pour plus de d\u00e9tails, veuillez vous r\u00e9f\u00e9rer \u00e0 notre [Privacy Policy].<\/p>\n\n<p><strong>Loi applicable<\/strong><\/p>\n\n<p>Ces mentions l\u00e9gales sont r\u00e9gies par les lois du Br\u00e9sil. Tout litige d\u00e9coulant de l&rsquo;utilisation de ce site web sera soumis \u00e0 la juridiction exclusive des tribunaux du Br\u00e9sil.<\/p>\n\n<p>Pour toute question relative \u00e0 ce site web, veuillez nous contacter \u00e0 <a href=\"mailto:noupwind@gmail.com\">noupwind@gmail.com<\/a>.<\/p>\n\n<p><\/p>\n","protected":false},"excerpt":{"rendered":"<p>Propri\u00e9taire du site NO UPWIND KITE TRIP Prea, Br\u00e9sil Email: noupwind@gmail.com Fournisseur d&rsquo;h\u00e9bergement Hostinger International Ltd. 61 rue Lordou Vironos, 6023 Larnaca, Chypre Site web: https:\/\/www.hostinger.com Propri\u00e9t\u00e9 intellectuelle Le contenu, la mise en page, le design, les marques et tout autre \u00e9l\u00e9ment de propri\u00e9t\u00e9 intellectuelle de ce site web sont la propri\u00e9t\u00e9 exclusive de NO [&hellip;]<\/p>\n","protected":false},"author":2,"featured_media":0,"parent":0,"menu_order":100,"comment_status":"closed","ping_status":"closed","template":"","meta":{"_seopress_robots_primary_cat":"","_seopress_titles_title":"","_seopress_titles_desc":"","_seopress_robots_index":"oui","footnotes":""},"class_list":["post-1452","page","type-page","status-publish","hentry"],"_links":{"self":[{"href":"https:\/\/noupwind.com\/fr\/wp-json\/wp\/v2\/pages\/1452","targetHints":{"allow":["GET"]}}],"collection":[{"href":"https:\/\/noupwind.com\/fr\/wp-json\/wp\/v2\/pages"}],"about":[{"href":"https:\/\/noupwind.com\/fr\/wp-json\/wp\/v2\/types\/page"}],"author":[{"embeddable":true,"href":"https:\/\/noupwind.com\/fr\/wp-json\/wp\/v2\/users\/2"}],"replies":[{"embeddable":true,"href":"https:\/\/noupwind.com\/fr\/wp-json\/wp\/v2\/comments?post=1452"}],"version-history":[{"count":3,"href":"https:\/\/noupwind.com\/fr\/wp-json\/wp\/v2\/pages\/1452\/revisions"}],"predecessor-version":[{"id":2460,"href":"https:\/\/noupwind.com\/fr\/wp-json\/wp\/v2\/pages\/1452\/revisions\/2460"}],"wp:attachment":[{"href":"https:\/\/noupwind.com\/fr\/wp-json\/wp\/v2\/media?parent=1452"}],"curies":[{"name":"wp","href":"https:\/\/api.w.org\/{rel}","templated":true}]}}