{"id":1575,"date":"2024-10-16T09:34:09","date_gmt":"2024-10-16T12:34:09","guid":{"rendered":"https:\/\/noupwind.com\/sobre-nosotros\/"},"modified":"2025-02-22T08:36:38","modified_gmt":"2025-02-22T11:36:38","slug":"agencia-de-viajes-kitesurf","status":"publish","type":"page","link":"https:\/\/noupwind.com\/es\/agencia-de-viajes-kitesurf\/","title":{"rendered":"Sobre nos"},"content":{"rendered":"\t\t<div data-elementor-type=\"wp-page\" data-elementor-id=\"1575\" class=\"elementor elementor-1575 elementor-47\" data-elementor-post-type=\"page\">\n\t\t\t\t<div class=\"elementor-element elementor-element-082ffef e-flex e-con-boxed e-con e-parent\" data-id=\"082ffef\" data-element_type=\"container\" data-e-type=\"container\" data-settings=\"{&quot;background_background&quot;:&quot;classic&quot;}\">\n\t\t\t\t\t<div class=\"e-con-inner\">\n\t\t\t\t<div class=\"elementor-element elementor-element-5192179 elementor-widget__width-inherit elementor-widget elementor-widget-heading\" data-id=\"5192179\" data-element_type=\"widget\" data-e-type=\"widget\" data-widget_type=\"heading.default\">\n\t\t\t\t<div class=\"elementor-widget-container\">\n\t\t\t\t\t<h1 class=\"elementor-heading-title elementor-size-default\">Agencia de viajes especializada en excursiones de kitesurf y wingfoil<\/h1>\t\t\t\t<\/div>\n\t\t\t\t<\/div>\n\t\t\t\t<div class=\"elementor-element elementor-element-f81eeaf elementor-widget__width-inherit elementor-widget elementor-widget-heading\" data-id=\"f81eeaf\" data-element_type=\"widget\" data-e-type=\"widget\" data-widget_type=\"heading.default\">\n\t\t\t\t<div class=\"elementor-widget-container\">\n\t\t\t\t\t<h2 class=\"elementor-heading-title elementor-size-default\">NO UPWIND KITE TRIP<\/h2>\t\t\t\t<\/div>\n\t\t\t\t<\/div>\n\t\t\t\t\t<\/div>\n\t\t\t\t<\/div>\n\t\t<div class=\"elementor-element elementor-element-ea8722d e-flex e-con-boxed e-con e-parent\" data-id=\"ea8722d\" data-element_type=\"container\" data-e-type=\"container\" data-settings=\"{&quot;background_background&quot;:&quot;classic&quot;}\">\n\t\t\t\t\t<div class=\"e-con-inner\">\n\t\t<div class=\"elementor-element elementor-element-ae0c937 e-con-full e-flex e-con e-child\" data-id=\"ae0c937\" data-element_type=\"container\" data-e-type=\"container\">\n\t\t\t\t<div class=\"elementor-element elementor-element-72a35a6 elementor-widget__width-inherit elementor-invisible elementor-widget elementor-widget-heading\" data-id=\"72a35a6\" data-element_type=\"widget\" data-e-type=\"widget\" data-settings=\"{&quot;_animation&quot;:&quot;fadeInUp&quot;}\" data-widget_type=\"heading.default\">\n\t\t\t\t<div class=\"elementor-widget-container\">\n\t\t\t\t\t<h2 class=\"elementor-heading-title elementor-size-default\">Pasi\u00f3n, Libertad, Aventura<\/h2>\t\t\t\t<\/div>\n\t\t\t\t<\/div>\n\t\t\t\t<div class=\"elementor-element elementor-element-d1a8186 elementor-widget__width-initial elementor-widget elementor-widget-text-editor\" data-id=\"d1a8186\" data-element_type=\"widget\" data-e-type=\"widget\" data-widget_type=\"text-editor.default\">\n\t\t\t\t<div class=\"elementor-widget-container\">\n\t\t\t\t\t\t\t\t\t<p>Hola soy Thibaud Ginoux, el fundador de <strong>NO UPWIND KITE TRIP<\/strong>, y he sido un apasionado del kitesurf desde 2008.<\/p>\n<p>Viajero de coraz\u00f3n, siempre me ha cautivado la sensaci\u00f3n de <strong>libertad<\/strong> que <strong>aporta el kitesurf<\/strong> y los incre\u00edbles lugares que te permite explorar.<\/p>\n<p>Con muchos a\u00f1os de experiencia en kitesurf y habiendo viajado extensamente por los mejores spots de kite de Brasil, decid\u00ed crear esta agencia para compartir mi pasi\u00f3n y ayudar a otros entusiastas del kitesurf a vivir aventuras \u00fanicas. Fluido en varios idiomas\u2014<strong>Franc\u00e9s<\/strong>, <strong>Ingl\u00e9s<\/strong>, <strong>Portugu\u00e9s<\/strong>, y <strong>Espa\u00f1ol<\/strong>\u2014garantizo una comunicaci\u00f3n fluida con mis clientes internacionales y me aseguro de que cada viajero se sienta c\u00f3modo tan pronto como llegue.<\/p>\n<p>Cada viaje de kitesurf que organizo est\u00e1 dise\u00f1ado para ofrecer una <strong>experiencia inolvidable<\/strong>, combinando condiciones de viento perfectas, paisajes impresionantes y una c\u00e1lida bienvenida en destinos cuidadosamente seleccionados. Mi objetivo es sencillo: asegurarme de que cada viaje sea una <strong>aventura a medida<\/strong>, apta para todos los niveles de habilidad, que permita a cada participante mejorar mientras disfruta plenamente de la belleza natural y la cultura local.<\/p>\n<p>Tanto si eres un kitesurfista intermedio o avanzado, un principiante que acaba de empezar, o incluso un wingfoiler o kitefoiler, estoy aqu\u00ed para guiarte en esta aventura. Me comprometo a proporcionarte una <strong>experiencia aut\u00e9ntica y enriquecedora<\/strong>, adaptada a tus expectativas y a tu progresi\u00f3n.<\/p>\n<p class=\"p1\">Independientemente de su deporte acu\u00e1tico predilecto \u2014ya sea el kitesurf, el wingfoil o incluso otras actividades emocionantes\u2014, \u00a1disponemos del viaje perfecto para usted en Brasil y Am\u00e9rica del Sur!<\/p>\n\t\t\t\t\t\t\t\t<\/div>\n\t\t\t\t<\/div>\n\t\t\t\t<div class=\"elementor-element elementor-element-431c70f elementor-widget__width-inherit elementor-widget-tablet__width-initial elementor-widget-mobile__width-inherit elementor-align-left elementor-widget elementor-widget-button\" data-id=\"431c70f\" data-element_type=\"widget\" data-e-type=\"widget\" data-widget_type=\"button.default\">\n\t\t\t\t<div class=\"elementor-widget-container\">\n\t\t\t\t\t\t\t\t\t<div class=\"elementor-button-wrapper\">\n\t\t\t\t\t<a class=\"elementor-button elementor-button-link elementor-size-sm elementor-animation-grow\" href=\"https:\/\/noupwind.com\/es\/construye-tu-kitetrip\/\">\n\t\t\t\t\t\t<span class=\"elementor-button-content-wrapper\">\n\t\t\t\t\t\t\t\t\t<span class=\"elementor-button-text\">Construye tu kitetrip<\/span>\n\t\t\t\t\t<\/span>\n\t\t\t\t\t<\/a>\n\t\t\t\t<\/div>\n\t\t\t\t\t\t\t\t<\/div>\n\t\t\t\t<\/div>\n\t\t\t\t<\/div>\n\t\t<div class=\"elementor-element elementor-element-42db3c5 e-con-full e-flex e-con e-child\" data-id=\"42db3c5\" data-element_type=\"container\" data-e-type=\"container\">\n\t\t\t\t<div class=\"elementor-element elementor-element-a357951 elementor-widget-mobile__width-inherit elementor-widget__width-initial elementor-widget-tablet__width-inherit elementor-widget elementor-widget-image\" data-id=\"a357951\" data-element_type=\"widget\" data-e-type=\"widget\" data-widget_type=\"image.default\">\n\t\t\t\t<div class=\"elementor-widget-container\">\n\t\t\t\t\t\t\t\t\t\t\t\t\t\t\t<img fetchpriority=\"high\" decoding=\"async\" width=\"743\" height=\"1024\" src=\"https:\/\/noupwind.com\/wp-content\/uploads\/2024\/11\/thibaud-no-upwind-743x1024.jpg\" class=\"attachment-large size-large wp-image-2214\" alt=\"\" srcset=\"https:\/\/noupwind.com\/wp-content\/uploads\/2024\/11\/thibaud-no-upwind-743x1024.jpg 743w, https:\/\/noupwind.com\/wp-content\/uploads\/2024\/11\/thibaud-no-upwind-218x300.jpg 218w, https:\/\/noupwind.com\/wp-content\/uploads\/2024\/11\/thibaud-no-upwind-768x1058.jpg 768w, https:\/\/noupwind.com\/wp-content\/uploads\/2024\/11\/thibaud-no-upwind.jpg 1016w\" sizes=\"(max-width: 743px) 100vw, 743px\" \/>\t\t\t\t\t\t\t\t\t\t\t\t\t\t\t<\/div>\n\t\t\t\t<\/div>\n\t\t\t\t<div class=\"elementor-element elementor-element-0d681cc elementor-widget-mobile__width-inherit elementor-widget__width-initial elementor-widget-tablet__width-inherit elementor-widget elementor-widget-image\" data-id=\"0d681cc\" data-element_type=\"widget\" data-e-type=\"widget\" data-widget_type=\"image.default\">\n\t\t\t\t<div class=\"elementor-widget-container\">\n\t\t\t\t\t\t\t\t\t\t\t\t\t\t\t<img decoding=\"async\" width=\"800\" height=\"360\" src=\"https:\/\/noupwind.com\/wp-content\/uploads\/2024\/11\/team-no-upwind-2-1024x461.jpg\" class=\"attachment-large size-large wp-image-2223\" alt=\"\" srcset=\"https:\/\/noupwind.com\/wp-content\/uploads\/2024\/11\/team-no-upwind-2-1024x461.jpg 1024w, https:\/\/noupwind.com\/wp-content\/uploads\/2024\/11\/team-no-upwind-2-300x135.jpg 300w, https:\/\/noupwind.com\/wp-content\/uploads\/2024\/11\/team-no-upwind-2-768x346.jpg 768w, https:\/\/noupwind.com\/wp-content\/uploads\/2024\/11\/team-no-upwind-2-1536x691.jpg 1536w, https:\/\/noupwind.com\/wp-content\/uploads\/2024\/11\/team-no-upwind-2.jpg 2000w\" sizes=\"(max-width: 800px) 100vw, 800px\" \/>\t\t\t\t\t\t\t\t\t\t\t\t\t\t\t<\/div>\n\t\t\t\t<\/div>\n\t\t\t\t<\/div>\n\t\t\t\t\t<\/div>\n\t\t\t\t<\/div>\n\t\t\t\t<\/div>\n\t\t","protected":false},"excerpt":{"rendered":"<p>Agencia de viajes especializada en excursiones de kitesurf y wingfoil NO UPWIND KITE TRIP Pasi\u00f3n, Libertad, Aventura Hola soy Thibaud Ginoux, el fundador de NO UPWIND KITE TRIP, y he sido un apasionado del kitesurf desde 2008. Viajero de coraz\u00f3n, siempre me ha cautivado la sensaci\u00f3n de libertad que aporta el kitesurf y los incre\u00edbles [&hellip;]<\/p>\n","protected":false},"author":1,"featured_media":0,"parent":0,"menu_order":4,"comment_status":"closed","ping_status":"closed","template":"elementor_header_footer","meta":{"_seopress_robots_primary_cat":"","_seopress_titles_title":"NOUPWIND Kite TRIP - agencia de viajes especializada en kiteboarding y wingfoiling","_seopress_titles_desc":"No Upwind es una agencia de viajes especializada en viajes de kiteboarding y wingfoiling en Brasil.\nPermita que expertos apasionados le gu\u00eden a los mejores lugares y la cultura local. ","_seopress_robots_index":"","footnotes":""},"class_list":["post-1575","page","type-page","status-publish","hentry"],"_links":{"self":[{"href":"https:\/\/noupwind.com\/es\/wp-json\/wp\/v2\/pages\/1575","targetHints":{"allow":["GET"]}}],"collection":[{"href":"https:\/\/noupwind.com\/es\/wp-json\/wp\/v2\/pages"}],"about":[{"href":"https:\/\/noupwind.com\/es\/wp-json\/wp\/v2\/types\/page"}],"author":[{"embeddable":true,"href":"https:\/\/noupwind.com\/es\/wp-json\/wp\/v2\/users\/1"}],"replies":[{"embeddable":true,"href":"https:\/\/noupwind.com\/es\/wp-json\/wp\/v2\/comments?post=1575"}],"version-history":[{"count":5,"href":"https:\/\/noupwind.com\/es\/wp-json\/wp\/v2\/pages\/1575\/revisions"}],"predecessor-version":[{"id":3167,"href":"https:\/\/noupwind.com\/es\/wp-json\/wp\/v2\/pages\/1575\/revisions\/3167"}],"wp:attachment":[{"href":"https:\/\/noupwind.com\/es\/wp-json\/wp\/v2\/media?parent=1575"}],"curies":[{"name":"wp","href":"https:\/\/api.w.org\/{rel}","templated":true}]}}