{"id":1453,"date":"2024-11-19T09:20:26","date_gmt":"2024-11-19T12:20:26","guid":{"rendered":"https:\/\/noupwind.com\/avisos-legales\/"},"modified":"2024-11-23T13:32:54","modified_gmt":"2024-11-23T16:32:54","slug":"avisos-legales","status":"publish","type":"page","link":"https:\/\/noupwind.com\/es\/avisos-legales\/","title":{"rendered":"Avisos legales"},"content":{"rendered":"\n<p><strong>Propietario del Sitio Web<\/strong><\/p>\n\n<p>NO UPWIND KITE TRIP<\/p>\n\n<p>Prea, Brasil<\/p>\n\n<p>Correo electr\u00f3nico: <a href=\"mailto:noupwind@gmail.com\">noupwind@gmail.com<\/a><\/p>\n\n<p><strong>Proveedor de Alojamiento<\/strong><\/p>\n\n<p>Hostinger International Ltd.<\/p>\n\n<p>Calle Lordou Vironos 61,<\/p>\n\n<p>6023 Larnaca, Chipre<\/p>\n\n<p>Sitio web: <a href=\"https:\/\/www.hostinger.com\">https:\/\/www.hostinger.com<\/a><\/p>\n\n<p><strong>Propiedad Intelectual<\/strong><\/p>\n\n<p>El contenido, dise\u00f1o, marcas registradas y cualquier otro elemento de propiedad intelectual de este sitio web son propiedad exclusiva de NO UPWIND KITE TRIP, a menos que se indique lo contrario. El uso, reproducci\u00f3n o distribuci\u00f3n no autorizada de cualquier parte de este sitio web est\u00e1 prohibido sin el consentimiento previo por escrito.<\/p>\n\n<p><strong>Limitaci\u00f3n de Responsabilidad<\/strong><\/p>\n\n<p>NO UPWIND KITE TRIP se esfuerza por garantizar que la informaci\u00f3n proporcionada en este sitio web sea precisa y est\u00e9 actualizada. Sin embargo, la empresa no puede ser responsable de ning\u00fan error, omisi\u00f3n o los resultados obtenidos del uso de esta informaci\u00f3n. El uso de este sitio web es bajo su propio riesgo.<\/p>\n\n<p><strong>Protecci\u00f3n de Datos Personales<\/strong><\/p>\n\n<p>Todos los datos personales recopilados a trav\u00e9s de este sitio web se manejan de acuerdo con las leyes de protecci\u00f3n de datos aplicables. Para m\u00e1s detalles, por favor consulte nuestro [Privacy Policy].<\/p>\n\n<p><strong>Ley Aplicable<\/strong><\/p>\n\n<p>Estas menciones legales se rigen por las leyes de Brasil. Cualquier disputa que surja del uso de este sitio web estar\u00e1 sujeta a la jurisdicci\u00f3n exclusiva de los tribunales en Brasil.<\/p>\n\n<p>Para cualquier consulta relacionada con este sitio web, por favor cont\u00e1ctenos en <a href=\"mailto:noupwind@gmail.com\">noupwind@gmail.com<\/a>.<\/p>\n\n<p><\/p>\n","protected":false},"excerpt":{"rendered":"<p>Propietario del Sitio Web NO UPWIND KITE TRIP Prea, Brasil Correo electr\u00f3nico: noupwind@gmail.com Proveedor de Alojamiento Hostinger International Ltd. Calle Lordou Vironos 61, 6023 Larnaca, Chipre Sitio web: https:\/\/www.hostinger.com Propiedad Intelectual El contenido, dise\u00f1o, marcas registradas y cualquier otro elemento de propiedad intelectual de este sitio web son propiedad exclusiva de NO UPWIND KITE TRIP, [&hellip;]<\/p>\n","protected":false},"author":2,"featured_media":0,"parent":0,"menu_order":100,"comment_status":"closed","ping_status":"closed","template":"","meta":{"_seopress_robots_primary_cat":"","_seopress_titles_title":"","_seopress_titles_desc":"","_seopress_robots_index":"s\u00ed","footnotes":""},"class_list":["post-1453","page","type-page","status-publish","hentry"],"_links":{"self":[{"href":"https:\/\/noupwind.com\/es\/wp-json\/wp\/v2\/pages\/1453","targetHints":{"allow":["GET"]}}],"collection":[{"href":"https:\/\/noupwind.com\/es\/wp-json\/wp\/v2\/pages"}],"about":[{"href":"https:\/\/noupwind.com\/es\/wp-json\/wp\/v2\/types\/page"}],"author":[{"embeddable":true,"href":"https:\/\/noupwind.com\/es\/wp-json\/wp\/v2\/users\/2"}],"replies":[{"embeddable":true,"href":"https:\/\/noupwind.com\/es\/wp-json\/wp\/v2\/comments?post=1453"}],"version-history":[{"count":3,"href":"https:\/\/noupwind.com\/es\/wp-json\/wp\/v2\/pages\/1453\/revisions"}],"predecessor-version":[{"id":2458,"href":"https:\/\/noupwind.com\/es\/wp-json\/wp\/v2\/pages\/1453\/revisions\/2458"}],"wp:attachment":[{"href":"https:\/\/noupwind.com\/es\/wp-json\/wp\/v2\/media?parent=1453"}],"curies":[{"name":"wp","href":"https:\/\/api.w.org\/{rel}","templated":true}]}}